{"id":3072,"date":"2024-02-01T09:49:43","date_gmt":"2024-02-01T08:49:43","guid":{"rendered":"https:\/\/lipower.pl\/?page_id=3072"},"modified":"2024-02-01T11:32:05","modified_gmt":"2024-02-01T10:32:05","slug":"dibea-2","status":"publish","type":"page","link":"https:\/\/lipower.pl\/index.php\/oferta\/akumulatory-li-ion-do-robotow-sprzatajacych\/dibea-2\/","title":{"rendered":"Dibea"},"content":{"rendered":"","protected":false},"excerpt":{"rendered":"","protected":false},"author":19,"featured_media":0,"parent":3003,"menu_order":0,"comment_status":"closed","ping_status":"closed","template":"","meta":{"footnotes":""},"class_list":["post-3072","page","type-page","status-publish","czr-hentry"],"yoast_head":"<!-- This site is optimized with the Yoast SEO plugin v27.4 - https:\/\/yoast.com\/product\/yoast-seo-wordpress\/ -->\n<title>Dibea - LiPower Portfolio<\/title>\n<meta name=\"robots\" content=\"index, follow, max-snippet:-1, max-image-preview:large, max-video-preview:-1\" \/>\n<link rel=\"canonical\" href=\"https:\/\/lipower.pl\/index.php\/oferta\/akumulatory-li-ion-do-robotow-sprzatajacych\/dibea-2\/\" \/>\n<meta property=\"og:locale\" content=\"pl_PL\" \/>\n<meta property=\"og:type\" content=\"article\" \/>\n<meta property=\"og:title\" content=\"Dibea - LiPower Portfolio\" \/>\n<meta property=\"og:url\" content=\"https:\/\/lipower.pl\/index.php\/oferta\/akumulatory-li-ion-do-robotow-sprzatajacych\/dibea-2\/\" \/>\n<meta property=\"og:site_name\" content=\"LiPower Portfolio\" \/>\n<meta property=\"article:modified_time\" content=\"2024-02-01T10:32:05+00:00\" \/>\n<meta property=\"og:image\" content=\"https:\/\/lipower.pl\/wp-content\/uploads\/2021\/03\/logo.png\" \/>\n\t<meta property=\"og:image:width\" content=\"598\" \/>\n\t<meta property=\"og:image:height\" content=\"141\" \/>\n\t<meta property=\"og:image:type\" content=\"image\/png\" \/>\n<meta name=\"twitter:card\" content=\"summary_large_image\" \/>\n<script type=\"application\/ld+json\" class=\"yoast-schema-graph\">{\"@context\":\"https:\\\/\\\/schema.org\",\"@graph\":[{\"@type\":\"WebPage\",\"@id\":\"https:\\\/\\\/lipower.pl\\\/index.php\\\/oferta\\\/akumulatory-li-ion-do-robotow-sprzatajacych\\\/dibea-2\\\/\",\"url\":\"https:\\\/\\\/lipower.pl\\\/index.php\\\/oferta\\\/akumulatory-li-ion-do-robotow-sprzatajacych\\\/dibea-2\\\/\",\"name\":\"Dibea - LiPower Portfolio\",\"isPartOf\":{\"@id\":\"https:\\\/\\\/lipower.pl\\\/#website\"},\"datePublished\":\"2024-02-01T08:49:43+00:00\",\"dateModified\":\"2024-02-01T10:32:05+00:00\",\"breadcrumb\":{\"@id\":\"https:\\\/\\\/lipower.pl\\\/index.php\\\/oferta\\\/akumulatory-li-ion-do-robotow-sprzatajacych\\\/dibea-2\\\/#breadcrumb\"},\"inLanguage\":\"pl-PL\",\"potentialAction\":[{\"@type\":\"ReadAction\",\"target\":[\"https:\\\/\\\/lipower.pl\\\/index.php\\\/oferta\\\/akumulatory-li-ion-do-robotow-sprzatajacych\\\/dibea-2\\\/\"]}]},{\"@type\":\"BreadcrumbList\",\"@id\":\"https:\\\/\\\/lipower.pl\\\/index.php\\\/oferta\\\/akumulatory-li-ion-do-robotow-sprzatajacych\\\/dibea-2\\\/#breadcrumb\",\"itemListElement\":[{\"@type\":\"ListItem\",\"position\":1,\"name\":\"Strona g\u0142\u00f3wna\",\"item\":\"https:\\\/\\\/lipower.pl\\\/index.php\\\/akumulatory-lipower\\\/\"},{\"@type\":\"ListItem\",\"position\":2,\"name\":\"OFERTA\",\"item\":\"https:\\\/\\\/lipower.pl\\\/index.php\\\/oferta\\\/\"},{\"@type\":\"ListItem\",\"position\":3,\"name\":\"Akumulatory Li-Ion do robot\u00f3w sprz\u0105taj\u0105cych\",\"item\":\"https:\\\/\\\/lipower.pl\\\/index.php\\\/oferta\\\/akumulatory-li-ion-do-robotow-sprzatajacych\\\/\"},{\"@type\":\"ListItem\",\"position\":4,\"name\":\"Dibea\"}]},{\"@type\":\"WebSite\",\"@id\":\"https:\\\/\\\/lipower.pl\\\/#website\",\"url\":\"https:\\\/\\\/lipower.pl\\\/\",\"name\":\"LiPower Akumulatory\",\"description\":\"\",\"publisher\":{\"@id\":\"https:\\\/\\\/lipower.pl\\\/#organization\"},\"potentialAction\":[{\"@type\":\"SearchAction\",\"target\":{\"@type\":\"EntryPoint\",\"urlTemplate\":\"https:\\\/\\\/lipower.pl\\\/?s={search_term_string}\"},\"query-input\":{\"@type\":\"PropertyValueSpecification\",\"valueRequired\":true,\"valueName\":\"search_term_string\"}}],\"inLanguage\":\"pl-PL\"},{\"@type\":\"Organization\",\"@id\":\"https:\\\/\\\/lipower.pl\\\/#organization\",\"name\":\"LiPower Akumulatory\",\"url\":\"https:\\\/\\\/lipower.pl\\\/\",\"logo\":{\"@type\":\"ImageObject\",\"inLanguage\":\"pl-PL\",\"@id\":\"https:\\\/\\\/lipower.pl\\\/#\\\/schema\\\/logo\\\/image\\\/\",\"url\":\"https:\\\/\\\/lipower.pl\\\/wp-content\\\/uploads\\\/2021\\\/03\\\/logo.png\",\"contentUrl\":\"https:\\\/\\\/lipower.pl\\\/wp-content\\\/uploads\\\/2021\\\/03\\\/logo.png\",\"width\":598,\"height\":141,\"caption\":\"LiPower Akumulatory\"},\"image\":{\"@id\":\"https:\\\/\\\/lipower.pl\\\/#\\\/schema\\\/logo\\\/image\\\/\"}}]}<\/script>\n<!-- \/ Yoast SEO plugin. -->","yoast_head_json":{"title":"Dibea - LiPower Portfolio","robots":{"index":"index","follow":"follow","max-snippet":"max-snippet:-1","max-image-preview":"max-image-preview:large","max-video-preview":"max-video-preview:-1"},"canonical":"https:\/\/lipower.pl\/index.php\/oferta\/akumulatory-li-ion-do-robotow-sprzatajacych\/dibea-2\/","og_locale":"pl_PL","og_type":"article","og_title":"Dibea - LiPower Portfolio","og_url":"https:\/\/lipower.pl\/index.php\/oferta\/akumulatory-li-ion-do-robotow-sprzatajacych\/dibea-2\/","og_site_name":"LiPower Portfolio","article_modified_time":"2024-02-01T10:32:05+00:00","og_image":[{"width":598,"height":141,"url":"https:\/\/lipower.pl\/wp-content\/uploads\/2021\/03\/logo.png","type":"image\/png"}],"twitter_card":"summary_large_image","schema":{"@context":"https:\/\/schema.org","@graph":[{"@type":"WebPage","@id":"https:\/\/lipower.pl\/index.php\/oferta\/akumulatory-li-ion-do-robotow-sprzatajacych\/dibea-2\/","url":"https:\/\/lipower.pl\/index.php\/oferta\/akumulatory-li-ion-do-robotow-sprzatajacych\/dibea-2\/","name":"Dibea - LiPower Portfolio","isPartOf":{"@id":"https:\/\/lipower.pl\/#website"},"datePublished":"2024-02-01T08:49:43+00:00","dateModified":"2024-02-01T10:32:05+00:00","breadcrumb":{"@id":"https:\/\/lipower.pl\/index.php\/oferta\/akumulatory-li-ion-do-robotow-sprzatajacych\/dibea-2\/#breadcrumb"},"inLanguage":"pl-PL","potentialAction":[{"@type":"ReadAction","target":["https:\/\/lipower.pl\/index.php\/oferta\/akumulatory-li-ion-do-robotow-sprzatajacych\/dibea-2\/"]}]},{"@type":"BreadcrumbList","@id":"https:\/\/lipower.pl\/index.php\/oferta\/akumulatory-li-ion-do-robotow-sprzatajacych\/dibea-2\/#breadcrumb","itemListElement":[{"@type":"ListItem","position":1,"name":"Strona g\u0142\u00f3wna","item":"https:\/\/lipower.pl\/index.php\/akumulatory-lipower\/"},{"@type":"ListItem","position":2,"name":"OFERTA","item":"https:\/\/lipower.pl\/index.php\/oferta\/"},{"@type":"ListItem","position":3,"name":"Akumulatory Li-Ion do robot\u00f3w sprz\u0105taj\u0105cych","item":"https:\/\/lipower.pl\/index.php\/oferta\/akumulatory-li-ion-do-robotow-sprzatajacych\/"},{"@type":"ListItem","position":4,"name":"Dibea"}]},{"@type":"WebSite","@id":"https:\/\/lipower.pl\/#website","url":"https:\/\/lipower.pl\/","name":"LiPower Akumulatory","description":"","publisher":{"@id":"https:\/\/lipower.pl\/#organization"},"potentialAction":[{"@type":"SearchAction","target":{"@type":"EntryPoint","urlTemplate":"https:\/\/lipower.pl\/?s={search_term_string}"},"query-input":{"@type":"PropertyValueSpecification","valueRequired":true,"valueName":"search_term_string"}}],"inLanguage":"pl-PL"},{"@type":"Organization","@id":"https:\/\/lipower.pl\/#organization","name":"LiPower Akumulatory","url":"https:\/\/lipower.pl\/","logo":{"@type":"ImageObject","inLanguage":"pl-PL","@id":"https:\/\/lipower.pl\/#\/schema\/logo\/image\/","url":"https:\/\/lipower.pl\/wp-content\/uploads\/2021\/03\/logo.png","contentUrl":"https:\/\/lipower.pl\/wp-content\/uploads\/2021\/03\/logo.png","width":598,"height":141,"caption":"LiPower Akumulatory"},"image":{"@id":"https:\/\/lipower.pl\/#\/schema\/logo\/image\/"}}]}},"_links":{"self":[{"href":"https:\/\/lipower.pl\/index.php\/wp-json\/wp\/v2\/pages\/3072","targetHints":{"allow":["GET"]}}],"collection":[{"href":"https:\/\/lipower.pl\/index.php\/wp-json\/wp\/v2\/pages"}],"about":[{"href":"https:\/\/lipower.pl\/index.php\/wp-json\/wp\/v2\/types\/page"}],"author":[{"embeddable":true,"href":"https:\/\/lipower.pl\/index.php\/wp-json\/wp\/v2\/users\/19"}],"replies":[{"embeddable":true,"href":"https:\/\/lipower.pl\/index.php\/wp-json\/wp\/v2\/comments?post=3072"}],"version-history":[{"count":1,"href":"https:\/\/lipower.pl\/index.php\/wp-json\/wp\/v2\/pages\/3072\/revisions"}],"predecessor-version":[{"id":3073,"href":"https:\/\/lipower.pl\/index.php\/wp-json\/wp\/v2\/pages\/3072\/revisions\/3073"}],"up":[{"embeddable":true,"href":"https:\/\/lipower.pl\/index.php\/wp-json\/wp\/v2\/pages\/3003"}],"wp:attachment":[{"href":"https:\/\/lipower.pl\/index.php\/wp-json\/wp\/v2\/media?parent=3072"}],"curies":[{"name":"wp","href":"https:\/\/api.w.org\/{rel}","templated":true}]}}