{"id":2675,"date":"2021-06-16T10:25:53","date_gmt":"2021-06-16T08:25:53","guid":{"rendered":"https:\/\/lipower.pl\/?post_type=product&#038;p=2675"},"modified":"2025-07-02T08:32:56","modified_gmt":"2025-07-02T06:32:56","slug":"ladowarka-li-ion-36v-10s","status":"publish","type":"product","link":"https:\/\/lipower.pl\/index.php\/produkt\/ladowarka-li-ion-36v-10s\/","title":{"rendered":"\u0141adowarka Li-Ion 36V 10s"},"content":{"rendered":"","protected":false},"excerpt":{"rendered":"<h1 style=\"color: #007a33; font-size: 20pt; line-height: 1;\">\u0141ADOWARKA LI-ION 36V 10S<\/h1>\n<p>PARAMETRY:<\/p>\n<p>Napi\u0119cie wej\u015bciowe: 100-240V<\/p>\n<p>Napi\u0119cie wyj\u015bciowe: 42V<\/p>\n<p>Typ z\u0142\u0105cza: DC 5.5mm X 2.1mm<\/p>\n<p>Wbudowana dioda wskazuj\u0105ca: pod\u0142\u0105czenie do pr\u0105du, stan \u0142adowania oraz stan pe\u0142nego na\u0142adowania<\/p>\n","protected":false},"featured_media":2677,"template":"","meta":[],"product_brand":[],"product_cat":[15,57],"product_tag":[],"class_list":{"0":"post-2675","1":"product","2":"type-product","3":"status-publish","4":"has-post-thumbnail","6":"product_cat-wszystkie-produkty","7":"product_cat-ladowarki-li-ion","9":"first","10":"instock","11":"shipping-taxable","12":"purchasable","13":"product-type-variable","14":"czr-hentry"},"yoast_head":"<!-- This site is optimized with the Yoast SEO plugin v27.4 - https:\/\/yoast.com\/product\/yoast-seo-wordpress\/ -->\n<title>\u0141adowarka Li-Ion 36V 10s - LiPower Portfolio<\/title>\n<meta name=\"robots\" content=\"index, follow, max-snippet:-1, max-image-preview:large, max-video-preview:-1\" \/>\n<link rel=\"canonical\" href=\"https:\/\/lipower.pl\/index.php\/produkt\/ladowarka-li-ion-36v-10s\/\" \/>\n<meta property=\"og:locale\" content=\"pl_PL\" \/>\n<meta property=\"og:type\" content=\"article\" \/>\n<meta property=\"og:title\" content=\"\u0141adowarka Li-Ion 36V 10s - LiPower Portfolio\" \/>\n<meta property=\"og:description\" content=\"\u0141ADOWARKA LI-ION 36V 10S PARAMETRY:  Napi\u0119cie wej\u015bciowe: 100-240V  Napi\u0119cie wyj\u015bciowe: 42V  Typ z\u0142\u0105cza: DC 5.5mm X 2.1mm  Wbudowana dioda wskazuj\u0105ca: pod\u0142\u0105czenie do pr\u0105du, stan \u0142adowania oraz stan pe\u0142nego na\u0142adowania\" \/>\n<meta property=\"og:url\" content=\"https:\/\/lipower.pl\/index.php\/produkt\/ladowarka-li-ion-36v-10s\/\" \/>\n<meta property=\"og:site_name\" content=\"LiPower Portfolio\" \/>\n<meta property=\"article:modified_time\" content=\"2025-07-02T06:32:56+00:00\" \/>\n<meta property=\"og:image\" content=\"https:\/\/lipower.pl\/wp-content\/uploads\/2021\/06\/6.-10s-2A.png\" \/>\n\t<meta property=\"og:image:width\" content=\"1466\" \/>\n\t<meta property=\"og:image:height\" content=\"1384\" \/>\n\t<meta property=\"og:image:type\" content=\"image\/png\" \/>\n<meta name=\"twitter:card\" content=\"summary_large_image\" \/>\n<meta name=\"twitter:label1\" content=\"Szacowany czas czytania\" \/>\n\t<meta name=\"twitter:data1\" content=\"1 minuta\" \/>\n<script type=\"application\/ld+json\" class=\"yoast-schema-graph\">{\"@context\":\"https:\\\/\\\/schema.org\",\"@graph\":[{\"@type\":\"WebPage\",\"@id\":\"https:\\\/\\\/lipower.pl\\\/index.php\\\/produkt\\\/ladowarka-li-ion-36v-10s\\\/\",\"url\":\"https:\\\/\\\/lipower.pl\\\/index.php\\\/produkt\\\/ladowarka-li-ion-36v-10s\\\/\",\"name\":\"\u0141adowarka Li-Ion 36V 10s - LiPower Portfolio\",\"isPartOf\":{\"@id\":\"https:\\\/\\\/lipower.pl\\\/#website\"},\"primaryImageOfPage\":{\"@id\":\"https:\\\/\\\/lipower.pl\\\/index.php\\\/produkt\\\/ladowarka-li-ion-36v-10s\\\/#primaryimage\"},\"image\":{\"@id\":\"https:\\\/\\\/lipower.pl\\\/index.php\\\/produkt\\\/ladowarka-li-ion-36v-10s\\\/#primaryimage\"},\"thumbnailUrl\":\"https:\\\/\\\/lipower.pl\\\/wp-content\\\/uploads\\\/2021\\\/06\\\/6.-10s-2A.png\",\"datePublished\":\"2021-06-16T08:25:53+00:00\",\"dateModified\":\"2025-07-02T06:32:56+00:00\",\"breadcrumb\":{\"@id\":\"https:\\\/\\\/lipower.pl\\\/index.php\\\/produkt\\\/ladowarka-li-ion-36v-10s\\\/#breadcrumb\"},\"inLanguage\":\"pl-PL\",\"potentialAction\":[{\"@type\":\"ReadAction\",\"target\":[\"https:\\\/\\\/lipower.pl\\\/index.php\\\/produkt\\\/ladowarka-li-ion-36v-10s\\\/\"]}]},{\"@type\":\"ImageObject\",\"inLanguage\":\"pl-PL\",\"@id\":\"https:\\\/\\\/lipower.pl\\\/index.php\\\/produkt\\\/ladowarka-li-ion-36v-10s\\\/#primaryimage\",\"url\":\"https:\\\/\\\/lipower.pl\\\/wp-content\\\/uploads\\\/2021\\\/06\\\/6.-10s-2A.png\",\"contentUrl\":\"https:\\\/\\\/lipower.pl\\\/wp-content\\\/uploads\\\/2021\\\/06\\\/6.-10s-2A.png\",\"width\":1466,\"height\":1384},{\"@type\":\"BreadcrumbList\",\"@id\":\"https:\\\/\\\/lipower.pl\\\/index.php\\\/produkt\\\/ladowarka-li-ion-36v-10s\\\/#breadcrumb\",\"itemListElement\":[{\"@type\":\"ListItem\",\"position\":1,\"name\":\"Strona g\u0142\u00f3wna\",\"item\":\"https:\\\/\\\/lipower.pl\\\/index.php\\\/akumulatory-lipower\\\/\"},{\"@type\":\"ListItem\",\"position\":2,\"name\":\"Sklep\",\"item\":\"https:\\\/\\\/lipower.pl\\\/index.php\\\/sklep\\\/\"},{\"@type\":\"ListItem\",\"position\":3,\"name\":\"\u0141adowarka Li-Ion 36V 10s\"}]},{\"@type\":\"WebSite\",\"@id\":\"https:\\\/\\\/lipower.pl\\\/#website\",\"url\":\"https:\\\/\\\/lipower.pl\\\/\",\"name\":\"LiPower Akumulatory\",\"description\":\"\",\"publisher\":{\"@id\":\"https:\\\/\\\/lipower.pl\\\/#organization\"},\"potentialAction\":[{\"@type\":\"SearchAction\",\"target\":{\"@type\":\"EntryPoint\",\"urlTemplate\":\"https:\\\/\\\/lipower.pl\\\/?s={search_term_string}\"},\"query-input\":{\"@type\":\"PropertyValueSpecification\",\"valueRequired\":true,\"valueName\":\"search_term_string\"}}],\"inLanguage\":\"pl-PL\"},{\"@type\":\"Organization\",\"@id\":\"https:\\\/\\\/lipower.pl\\\/#organization\",\"name\":\"LiPower Akumulatory\",\"url\":\"https:\\\/\\\/lipower.pl\\\/\",\"logo\":{\"@type\":\"ImageObject\",\"inLanguage\":\"pl-PL\",\"@id\":\"https:\\\/\\\/lipower.pl\\\/#\\\/schema\\\/logo\\\/image\\\/\",\"url\":\"https:\\\/\\\/lipower.pl\\\/wp-content\\\/uploads\\\/2021\\\/03\\\/logo.png\",\"contentUrl\":\"https:\\\/\\\/lipower.pl\\\/wp-content\\\/uploads\\\/2021\\\/03\\\/logo.png\",\"width\":598,\"height\":141,\"caption\":\"LiPower Akumulatory\"},\"image\":{\"@id\":\"https:\\\/\\\/lipower.pl\\\/#\\\/schema\\\/logo\\\/image\\\/\"}}]}<\/script>\n<!-- \/ Yoast SEO plugin. -->","yoast_head_json":{"title":"\u0141adowarka Li-Ion 36V 10s - LiPower Portfolio","robots":{"index":"index","follow":"follow","max-snippet":"max-snippet:-1","max-image-preview":"max-image-preview:large","max-video-preview":"max-video-preview:-1"},"canonical":"https:\/\/lipower.pl\/index.php\/produkt\/ladowarka-li-ion-36v-10s\/","og_locale":"pl_PL","og_type":"article","og_title":"\u0141adowarka Li-Ion 36V 10s - LiPower Portfolio","og_description":"\u0141ADOWARKA LI-ION 36V 10S PARAMETRY:  Napi\u0119cie wej\u015bciowe: 100-240V  Napi\u0119cie wyj\u015bciowe: 42V  Typ z\u0142\u0105cza: DC 5.5mm X 2.1mm  Wbudowana dioda wskazuj\u0105ca: pod\u0142\u0105czenie do pr\u0105du, stan \u0142adowania oraz stan pe\u0142nego na\u0142adowania","og_url":"https:\/\/lipower.pl\/index.php\/produkt\/ladowarka-li-ion-36v-10s\/","og_site_name":"LiPower Portfolio","article_modified_time":"2025-07-02T06:32:56+00:00","og_image":[{"width":1466,"height":1384,"url":"https:\/\/lipower.pl\/wp-content\/uploads\/2021\/06\/6.-10s-2A.png","type":"image\/png"}],"twitter_card":"summary_large_image","twitter_misc":{"Szacowany czas czytania":"1 minuta"},"schema":{"@context":"https:\/\/schema.org","@graph":[{"@type":"WebPage","@id":"https:\/\/lipower.pl\/index.php\/produkt\/ladowarka-li-ion-36v-10s\/","url":"https:\/\/lipower.pl\/index.php\/produkt\/ladowarka-li-ion-36v-10s\/","name":"\u0141adowarka Li-Ion 36V 10s - LiPower Portfolio","isPartOf":{"@id":"https:\/\/lipower.pl\/#website"},"primaryImageOfPage":{"@id":"https:\/\/lipower.pl\/index.php\/produkt\/ladowarka-li-ion-36v-10s\/#primaryimage"},"image":{"@id":"https:\/\/lipower.pl\/index.php\/produkt\/ladowarka-li-ion-36v-10s\/#primaryimage"},"thumbnailUrl":"https:\/\/lipower.pl\/wp-content\/uploads\/2021\/06\/6.-10s-2A.png","datePublished":"2021-06-16T08:25:53+00:00","dateModified":"2025-07-02T06:32:56+00:00","breadcrumb":{"@id":"https:\/\/lipower.pl\/index.php\/produkt\/ladowarka-li-ion-36v-10s\/#breadcrumb"},"inLanguage":"pl-PL","potentialAction":[{"@type":"ReadAction","target":["https:\/\/lipower.pl\/index.php\/produkt\/ladowarka-li-ion-36v-10s\/"]}]},{"@type":"ImageObject","inLanguage":"pl-PL","@id":"https:\/\/lipower.pl\/index.php\/produkt\/ladowarka-li-ion-36v-10s\/#primaryimage","url":"https:\/\/lipower.pl\/wp-content\/uploads\/2021\/06\/6.-10s-2A.png","contentUrl":"https:\/\/lipower.pl\/wp-content\/uploads\/2021\/06\/6.-10s-2A.png","width":1466,"height":1384},{"@type":"BreadcrumbList","@id":"https:\/\/lipower.pl\/index.php\/produkt\/ladowarka-li-ion-36v-10s\/#breadcrumb","itemListElement":[{"@type":"ListItem","position":1,"name":"Strona g\u0142\u00f3wna","item":"https:\/\/lipower.pl\/index.php\/akumulatory-lipower\/"},{"@type":"ListItem","position":2,"name":"Sklep","item":"https:\/\/lipower.pl\/index.php\/sklep\/"},{"@type":"ListItem","position":3,"name":"\u0141adowarka Li-Ion 36V 10s"}]},{"@type":"WebSite","@id":"https:\/\/lipower.pl\/#website","url":"https:\/\/lipower.pl\/","name":"LiPower Akumulatory","description":"","publisher":{"@id":"https:\/\/lipower.pl\/#organization"},"potentialAction":[{"@type":"SearchAction","target":{"@type":"EntryPoint","urlTemplate":"https:\/\/lipower.pl\/?s={search_term_string}"},"query-input":{"@type":"PropertyValueSpecification","valueRequired":true,"valueName":"search_term_string"}}],"inLanguage":"pl-PL"},{"@type":"Organization","@id":"https:\/\/lipower.pl\/#organization","name":"LiPower Akumulatory","url":"https:\/\/lipower.pl\/","logo":{"@type":"ImageObject","inLanguage":"pl-PL","@id":"https:\/\/lipower.pl\/#\/schema\/logo\/image\/","url":"https:\/\/lipower.pl\/wp-content\/uploads\/2021\/03\/logo.png","contentUrl":"https:\/\/lipower.pl\/wp-content\/uploads\/2021\/03\/logo.png","width":598,"height":141,"caption":"LiPower Akumulatory"},"image":{"@id":"https:\/\/lipower.pl\/#\/schema\/logo\/image\/"}}]}},"_links":{"self":[{"href":"https:\/\/lipower.pl\/index.php\/wp-json\/wp\/v2\/product\/2675","targetHints":{"allow":["GET"]}}],"collection":[{"href":"https:\/\/lipower.pl\/index.php\/wp-json\/wp\/v2\/product"}],"about":[{"href":"https:\/\/lipower.pl\/index.php\/wp-json\/wp\/v2\/types\/product"}],"wp:featuredmedia":[{"embeddable":true,"href":"https:\/\/lipower.pl\/index.php\/wp-json\/wp\/v2\/media\/2677"}],"wp:attachment":[{"href":"https:\/\/lipower.pl\/index.php\/wp-json\/wp\/v2\/media?parent=2675"}],"wp:term":[{"taxonomy":"product_brand","embeddable":true,"href":"https:\/\/lipower.pl\/index.php\/wp-json\/wp\/v2\/product_brand?post=2675"},{"taxonomy":"product_cat","embeddable":true,"href":"https:\/\/lipower.pl\/index.php\/wp-json\/wp\/v2\/product_cat?post=2675"},{"taxonomy":"product_tag","embeddable":true,"href":"https:\/\/lipower.pl\/index.php\/wp-json\/wp\/v2\/product_tag?post=2675"}],"curies":[{"name":"wp","href":"https:\/\/api.w.org\/{rel}","templated":true}]}}