{"id":3781,"date":"2024-06-27T12:32:40","date_gmt":"2024-06-27T10:32:40","guid":{"rendered":"https:\/\/lipower.pl\/?post_type=product&#038;p=3781"},"modified":"2025-07-24T11:52:00","modified_gmt":"2025-07-24T09:52:00","slug":"akumulator-li-ion-8v-uniwersalny","status":"publish","type":"product","link":"https:\/\/lipower.pl\/index.php\/produkt\/akumulator-li-ion-8v-uniwersalny\/","title":{"rendered":"Akumulator Li-Ion 8V uniwersalny"},"content":{"rendered":"<h3><strong>Og\u00f3lne zasady bezpiecze\u0144stwa i post\u0119powania z uniwersalnymi akumulatorami li-ion 8V\u00a0<\/strong><\/h3>\n<p>Akumulatory litowo-jonowe s\u0105 szeroko stosowane w r\u00f3\u017cnych urz\u0105dzeniach, dlatego wa\u017cne jest, aby zapozna\u0107 si\u0119 z podstawowymi zasadami ich u\u017cytkowania. Poni\u017cej przedstawiamy kluczowe zasady, kt\u00f3re pomog\u0105 zapewni\u0107 bezpiecze\u0144stwo oraz optymalne dzia\u0142anie akumulatora na przyk\u0142adzie naszego uniwersalnego akumulatora li-ion 8V.<\/p>\n<h3><strong>\u00a0 \u00a0 \u00a0 1. U\u017cytkowanie akumulatora li-ion 8V<\/strong><\/h3>\n<ul>\n<li><strong>prawid\u0142owo dobierz akumulator do swojego urz\u0105dzenia,<\/strong> uwzgl\u0119dniaj\u0105c kluczowe parametry swojego urz\u0105dzenia oraz akumulatora: moc silnika (W), napi\u0119cie akumulatora (V), pojemno\u015b\u0107 akumulatora (Ah), wymiary akumulatora, rodzaj z\u0142\u0105cza<\/li>\n<li><strong>zapoznaj si\u0119 z zasadami u\u017cytkowania akumulatora li-ion. <\/strong>Wszelkie niezb\u0119dne informacje znale\u017a\u0107 mo\u017cna w instrukcji obs\u0142ugi do\u0142\u0105czonej do urz\u0105dzenia.<\/li>\n<li><strong>do u\u017cytku przez osoby doros\u0142e.<\/strong> Akumulator Li-ion 8V nie nadaje si\u0119 do u\u017cytku przez dzieci, osoby upo\u015bledzone umys\u0142owo b\u0105d\u017a osoby z ograniczon\u0105 zdolno\u015bci\u0105 fizyczn\u0105 i psychiczn\u0105, nie posiadaj\u0105ce odpowiedniej wiedzy i do\u015bwiadczenia.<\/li>\n<li><strong>na\u0142aduj akumulator<\/strong>\u00a0<strong>przed pierwszym u\u017cyciem,<\/strong> akumulator li-ion 8V nale\u017cy na\u0142adowa\u0107 do pe\u0142na u\u017cywaj\u0105c dedykowanej \u0142adowarki do ogniw li-ion 2s 8,4V.<\/li>\n<li><strong>unikaj uszkodze\u0144. <\/strong>Nie upuszczaj akumulatora i unikaj kontaktu z ostrymi przedmiotami, poniewa\u017c uszkodzenie mo\u017ce prowadzi\u0107 do powa\u017cnych awarii. W przypadku zauwa\u017cenia jakichkolwiek uszkodze\u0144 mechanicznych nie nale\u017cy u\u017cywa\u0107 akumulatora. Nie nale\u017cy otwiera\u0107 obudowy akumulatora, zdejmowa\u0107 jego warstw izolacyjnych, rozbiera\u0107 na cz\u0119\u015bci ani w \u017caden spos\u00f3b modyfikowa\u0107. Nie nale\u017cy przenosi\u0107 trzymaj\u0105c za okablowanie.<\/li>\n<li><strong>unikaj zwarcia. <\/strong>Nie mo\u017cna \u0142\u0105czy\u0107 ze sob\u0105 g\u0142\u00f3wnych terminali akumulatora + i &#8211; jak r\u00f3wnie\u017c nara\u017ca\u0107 akumulator na kontakt z metalowymi przedmiotami, gdy\u017c mo\u017ce to grozi\u0107 zwarciem.<\/li>\n<li><strong>nieu\u017cywany akumulator przechowuj poza urz\u0105dzeniem. <\/strong>Je\u015bli to mo\u017cliwe nale\u017cy wyj\u0105\u0107 akumulator z urz\u0105dzenia na czas, gdy nie jest on u\u017cytkowany.<\/li>\n<\/ul>\n<p>&nbsp;<\/p>\n<h3><strong>\u00a0 \u00a0 \u00a02. \u0141adowanie akumulatora li-ion 8V<\/strong><\/h3>\n<ul>\n<li><strong>\u0142aduj wy\u0142\u0105cznie dedykowan\u0105 \u0142adowark\u0105. <\/strong>Akumulatory li-ion mo\u017cna \u0142adowa\u0107 jedynie dedykowanymi \u0142adowarkami do akumulator\u00f3w li-ion o prawid\u0142owo dobranych parametrach. W przypadku posiadania akumulatora li-ion o napi\u0119ciu 8V nale\u017cy u\u017cy\u0107 wy\u0142\u0105cznie \u0142adowarki li-ion 2s 8,4V. U\u017cycie innej \u0142adowarki jest niebezpieczne.<\/li>\n<li><strong>Od\u0142\u0105cz akumulator od \u017ar\u00f3d\u0142a zasilania gdy \u0142adowanie jest zako\u0144czone<\/strong>. Nale\u017cy unika\u0107 pozostawiania akumulatora pod\u0142\u0105czonego do \u0142adowarki po zako\u0144czeniu \u0142adowania.<\/li>\n<li>\n<div><strong>\u0142aduj w odpowiednich warunkach.<\/strong> \u0141adowanie i roz\u0142adowywanie mog\u0105 odbywa\u0107 si\u0119 w granicach temperatur wskazanych w og\u00f3lnych zaleceniach przechowywania akumulatora, w suchych, przewiewnych pomieszczeniach. Wydajno\u015b\u0107 akumulatora b\u0119dzie najwy\u017csza w temperaturze optymalnej (ok. 20\u00b0C).<\/div>\n<\/li>\n<\/ul>\n<p>&nbsp;<\/p>\n<h3><strong>\u00a0 \u00a0 \u00a03. Przechowywanie akumulatora li-ion 8V<\/strong><\/h3>\n<ul>\n<li><strong>unikaj ekstremalnych temperatur.<\/strong> Zar\u00f3wno zimno jak wysoka temperatura mog\u0105 wp\u0142ywa\u0107 negatywnie na \u017cywotno\u015b\u0107 i bezpiecze\u0144stwo dzia\u0142ania akumulatora. Przechowuj akumulator w temperaturze od 0\u00b0C do 25\u00b0C<\/li>\n<li><strong>przechowuj akumulator z dala od \u017ar\u00f3de\u0142 ciep\u0142a, wilgoci, substancji \u017cr\u0105cych i przedmiot\u00f3w metalowych<\/strong>. Miejsce przechowywana powinno by\u0107 suche, akumulator nie mo\u017ce by\u0107 nara\u017cony na kontakt z substancjami o w\u0142a\u015bciwo\u015bciach rozpuszczaj\u0105cych mog\u0105cych naruszy\u0107 struktur\u0119 zewn\u0119trzn\u0105. Bateri\u0119 trzyma\u0107 z dala od metalowych przedmiot\u00f3w, kt\u00f3re mog\u0142yby spowodowa\u0107 przypadkowe zwarcie.<\/li>\n<li><strong>akumulator przechowuj na\u0142adowany do napi\u0119cia nominalnego, co oznacza w przypadku 8V akumulatora &#8211; 7,2V. <\/strong>Nie pozostawiaj akumulatora roz\u0142adowanego, ani w pe\u0142ni na\u0142adowanego dlatego, i\u017c unikanie pe\u0142nego roz\u0142adowania oraz cz\u0119ste do\u0142adowywanie znacz\u0105co wp\u0142ynie na wyd\u0142u\u017cenie \u017cywotno\u015bci akumulatora. Przed ponownym u\u017cyciem na\u0142aduj akumulator do pe\u0142na.<\/li>\n<\/ul>\n<p>&nbsp;<\/p>\n<h3><strong>\u00a0 \u00a0 \u00a04. Utylizacja akumulatora li-ion<\/strong><\/h3>\n<ul>\n<li>\n<div>\n<div><strong>post\u0119puj zgodnie z przepisami.<\/strong> Akumulatory li-ion nale\u017cy utylizowa\u0107 zgodnie z przepisami dotycz\u0105cymi recyklingu, aby chroni\u0107 \u015brodowisko. Post\u0119puj\u0105c w ten spos\u00f3b minimalizujemy negatywny wp\u0142yw odpad\u00f3w na nasz\u0105 planet\u0119 i wspieramy procesy recyklingu. W zwi\u0105zku z powy\u017cszym akumulatora li-ion nie wolno wyrzuca\u0107 do pojemnika na zwyk\u0142e odpady domowe ani spala\u0107.<\/div>\n<\/div>\n<\/li>\n<li>\n<div><strong>transportuj w bezpieczny spos\u00f3b.<\/strong> Zu\u017cyte baterie do dmuchanych kostium\u00f3w misia nale\u017cy zapakowa\u0107 w spos\u00f3b zapewniaj\u0105cy izolacj\u0119 elektryczn\u0105, co oznacza np. odizolowanie g\u0142\u00f3wnych terminali + i &#8211; od siebie, w ten spos\u00f3b zabezpieczymy pakiet przed zwarciem. Pakiety Li-Ion s\u0105 cennym materia\u0142em poddawanym recyklingowi.<\/div>\n<div><\/div>\n<\/li>\n<\/ul>\n<div><\/div>\n<div><strong>Przestrzeganie powy\u017cszych zasad bezpiecze\u0144stwa i post\u0119powania pomo\u017ce zapewni\u0107 d\u0142ugotrwa\u0142e i bezpieczne u\u017cytkowanie akumulator\u00f3w li-ion.<\/strong><\/div>\n<div><\/div>\n<div><\/div>\n","protected":false},"excerpt":{"rendered":"<h1 style=\"color: #007a33; font-size: 20pt; line-height: 1;\">AKUMULATOR LI-ION 8V<\/h1>\n<p style=\"color: #007a33; font-size: 16pt;\">UNIWERSALNY<\/p>\n","protected":false},"featured_media":3788,"template":"","meta":[],"product_brand":[],"product_cat":[84,51,85,15],"product_tag":[103,65,102,101,82,66],"class_list":{"0":"post-3781","1":"product","2":"type-product","3":"status-publish","4":"has-post-thumbnail","6":"product_cat-akumulatory-8v","7":"product_cat-akumulatory-li-ion","8":"product_cat-akumulatory-uniwersalne","9":"product_cat-wszystkie-produkty","10":"product_tag-8v","11":"product_tag-akumulator","12":"product_tag-akumulator-8v","13":"product_tag-akumulator-li-ion-8v","14":"product_tag-bateria","15":"product_tag-li-ion","17":"first","18":"instock","19":"shipping-taxable","20":"purchasable","21":"product-type-variable","22":"czr-hentry"},"yoast_head":"<!-- This site is optimized with the Yoast SEO plugin v27.4 - https:\/\/yoast.com\/product\/yoast-seo-wordpress\/ -->\n<title>Akumulator Li-Ion 8V uniwersalny<\/title>\n<meta name=\"description\" content=\"Uniwersalny akumulator li-ion 8V zamiennik akumulatora \u017celowego zabezpieczony przed nadmiernym roz\u0142adowaniem i prze\u0142adowaniem.\" \/>\n<meta name=\"robots\" content=\"index, follow, max-snippet:-1, max-image-preview:large, max-video-preview:-1\" \/>\n<link rel=\"canonical\" href=\"https:\/\/lipower.pl\/index.php\/produkt\/akumulator-li-ion-8v-uniwersalny\/\" \/>\n<meta property=\"og:locale\" content=\"pl_PL\" \/>\n<meta property=\"og:type\" content=\"article\" \/>\n<meta property=\"og:title\" content=\"Akumulator Li-Ion 8V uniwersalny\" \/>\n<meta property=\"og:description\" content=\"Uniwersalny akumulator li-ion 8V zamiennik akumulatora \u017celowego zabezpieczony przed nadmiernym roz\u0142adowaniem i prze\u0142adowaniem.\" \/>\n<meta property=\"og:url\" content=\"https:\/\/lipower.pl\/index.php\/produkt\/akumulator-li-ion-8v-uniwersalny\/\" \/>\n<meta property=\"og:site_name\" content=\"LiPower Portfolio\" \/>\n<meta property=\"article:modified_time\" content=\"2025-07-24T09:52:00+00:00\" \/>\n<meta property=\"og:image\" content=\"https:\/\/lipower.pl\/wp-content\/uploads\/2024\/06\/Screen-Shot-2024-06-27-at-12.33.35.png\" \/>\n\t<meta property=\"og:image:width\" content=\"581\" \/>\n\t<meta property=\"og:image:height\" content=\"755\" \/>\n\t<meta property=\"og:image:type\" content=\"image\/png\" \/>\n<meta name=\"twitter:card\" content=\"summary_large_image\" \/>\n<meta name=\"twitter:label1\" content=\"Szacowany czas czytania\" \/>\n\t<meta name=\"twitter:data1\" content=\"5 minut\" \/>\n<script type=\"application\/ld+json\" class=\"yoast-schema-graph\">{\"@context\":\"https:\\\/\\\/schema.org\",\"@graph\":[{\"@type\":\"WebPage\",\"@id\":\"https:\\\/\\\/lipower.pl\\\/index.php\\\/produkt\\\/akumulator-li-ion-8v-uniwersalny\\\/\",\"url\":\"https:\\\/\\\/lipower.pl\\\/index.php\\\/produkt\\\/akumulator-li-ion-8v-uniwersalny\\\/\",\"name\":\"Akumulator Li-Ion 8V uniwersalny\",\"isPartOf\":{\"@id\":\"https:\\\/\\\/lipower.pl\\\/#website\"},\"primaryImageOfPage\":{\"@id\":\"https:\\\/\\\/lipower.pl\\\/index.php\\\/produkt\\\/akumulator-li-ion-8v-uniwersalny\\\/#primaryimage\"},\"image\":{\"@id\":\"https:\\\/\\\/lipower.pl\\\/index.php\\\/produkt\\\/akumulator-li-ion-8v-uniwersalny\\\/#primaryimage\"},\"thumbnailUrl\":\"https:\\\/\\\/lipower.pl\\\/wp-content\\\/uploads\\\/2024\\\/06\\\/Screen-Shot-2024-06-27-at-12.33.35.png\",\"datePublished\":\"2024-06-27T10:32:40+00:00\",\"dateModified\":\"2025-07-24T09:52:00+00:00\",\"description\":\"Uniwersalny akumulator li-ion 8V zamiennik akumulatora \u017celowego zabezpieczony przed nadmiernym roz\u0142adowaniem i prze\u0142adowaniem.\",\"breadcrumb\":{\"@id\":\"https:\\\/\\\/lipower.pl\\\/index.php\\\/produkt\\\/akumulator-li-ion-8v-uniwersalny\\\/#breadcrumb\"},\"inLanguage\":\"pl-PL\",\"potentialAction\":[{\"@type\":\"ReadAction\",\"target\":[\"https:\\\/\\\/lipower.pl\\\/index.php\\\/produkt\\\/akumulator-li-ion-8v-uniwersalny\\\/\"]}]},{\"@type\":\"ImageObject\",\"inLanguage\":\"pl-PL\",\"@id\":\"https:\\\/\\\/lipower.pl\\\/index.php\\\/produkt\\\/akumulator-li-ion-8v-uniwersalny\\\/#primaryimage\",\"url\":\"https:\\\/\\\/lipower.pl\\\/wp-content\\\/uploads\\\/2024\\\/06\\\/Screen-Shot-2024-06-27-at-12.33.35.png\",\"contentUrl\":\"https:\\\/\\\/lipower.pl\\\/wp-content\\\/uploads\\\/2024\\\/06\\\/Screen-Shot-2024-06-27-at-12.33.35.png\",\"width\":581,\"height\":755,\"caption\":\"Akumulator Li-Ion 8V uniwersalny\"},{\"@type\":\"BreadcrumbList\",\"@id\":\"https:\\\/\\\/lipower.pl\\\/index.php\\\/produkt\\\/akumulator-li-ion-8v-uniwersalny\\\/#breadcrumb\",\"itemListElement\":[{\"@type\":\"ListItem\",\"position\":1,\"name\":\"Strona g\u0142\u00f3wna\",\"item\":\"https:\\\/\\\/lipower.pl\\\/index.php\\\/akumulatory-lipower\\\/\"},{\"@type\":\"ListItem\",\"position\":2,\"name\":\"Sklep\",\"item\":\"https:\\\/\\\/lipower.pl\\\/index.php\\\/sklep\\\/\"},{\"@type\":\"ListItem\",\"position\":3,\"name\":\"Akumulator Li-Ion 8V uniwersalny\"}]},{\"@type\":\"WebSite\",\"@id\":\"https:\\\/\\\/lipower.pl\\\/#website\",\"url\":\"https:\\\/\\\/lipower.pl\\\/\",\"name\":\"LiPower Akumulatory\",\"description\":\"\",\"publisher\":{\"@id\":\"https:\\\/\\\/lipower.pl\\\/#organization\"},\"potentialAction\":[{\"@type\":\"SearchAction\",\"target\":{\"@type\":\"EntryPoint\",\"urlTemplate\":\"https:\\\/\\\/lipower.pl\\\/?s={search_term_string}\"},\"query-input\":{\"@type\":\"PropertyValueSpecification\",\"valueRequired\":true,\"valueName\":\"search_term_string\"}}],\"inLanguage\":\"pl-PL\"},{\"@type\":\"Organization\",\"@id\":\"https:\\\/\\\/lipower.pl\\\/#organization\",\"name\":\"LiPower Akumulatory\",\"url\":\"https:\\\/\\\/lipower.pl\\\/\",\"logo\":{\"@type\":\"ImageObject\",\"inLanguage\":\"pl-PL\",\"@id\":\"https:\\\/\\\/lipower.pl\\\/#\\\/schema\\\/logo\\\/image\\\/\",\"url\":\"https:\\\/\\\/lipower.pl\\\/wp-content\\\/uploads\\\/2021\\\/03\\\/logo.png\",\"contentUrl\":\"https:\\\/\\\/lipower.pl\\\/wp-content\\\/uploads\\\/2021\\\/03\\\/logo.png\",\"width\":598,\"height\":141,\"caption\":\"LiPower Akumulatory\"},\"image\":{\"@id\":\"https:\\\/\\\/lipower.pl\\\/#\\\/schema\\\/logo\\\/image\\\/\"}}]}<\/script>\n<!-- \/ Yoast SEO plugin. -->","yoast_head_json":{"title":"Akumulator Li-Ion 8V uniwersalny","description":"Uniwersalny akumulator li-ion 8V zamiennik akumulatora \u017celowego zabezpieczony przed nadmiernym roz\u0142adowaniem i prze\u0142adowaniem.","robots":{"index":"index","follow":"follow","max-snippet":"max-snippet:-1","max-image-preview":"max-image-preview:large","max-video-preview":"max-video-preview:-1"},"canonical":"https:\/\/lipower.pl\/index.php\/produkt\/akumulator-li-ion-8v-uniwersalny\/","og_locale":"pl_PL","og_type":"article","og_title":"Akumulator Li-Ion 8V uniwersalny","og_description":"Uniwersalny akumulator li-ion 8V zamiennik akumulatora \u017celowego zabezpieczony przed nadmiernym roz\u0142adowaniem i prze\u0142adowaniem.","og_url":"https:\/\/lipower.pl\/index.php\/produkt\/akumulator-li-ion-8v-uniwersalny\/","og_site_name":"LiPower Portfolio","article_modified_time":"2025-07-24T09:52:00+00:00","og_image":[{"width":581,"height":755,"url":"https:\/\/lipower.pl\/wp-content\/uploads\/2024\/06\/Screen-Shot-2024-06-27-at-12.33.35.png","type":"image\/png"}],"twitter_card":"summary_large_image","twitter_misc":{"Szacowany czas czytania":"5 minut"},"schema":{"@context":"https:\/\/schema.org","@graph":[{"@type":"WebPage","@id":"https:\/\/lipower.pl\/index.php\/produkt\/akumulator-li-ion-8v-uniwersalny\/","url":"https:\/\/lipower.pl\/index.php\/produkt\/akumulator-li-ion-8v-uniwersalny\/","name":"Akumulator Li-Ion 8V uniwersalny","isPartOf":{"@id":"https:\/\/lipower.pl\/#website"},"primaryImageOfPage":{"@id":"https:\/\/lipower.pl\/index.php\/produkt\/akumulator-li-ion-8v-uniwersalny\/#primaryimage"},"image":{"@id":"https:\/\/lipower.pl\/index.php\/produkt\/akumulator-li-ion-8v-uniwersalny\/#primaryimage"},"thumbnailUrl":"https:\/\/lipower.pl\/wp-content\/uploads\/2024\/06\/Screen-Shot-2024-06-27-at-12.33.35.png","datePublished":"2024-06-27T10:32:40+00:00","dateModified":"2025-07-24T09:52:00+00:00","description":"Uniwersalny akumulator li-ion 8V zamiennik akumulatora \u017celowego zabezpieczony przed nadmiernym roz\u0142adowaniem i prze\u0142adowaniem.","breadcrumb":{"@id":"https:\/\/lipower.pl\/index.php\/produkt\/akumulator-li-ion-8v-uniwersalny\/#breadcrumb"},"inLanguage":"pl-PL","potentialAction":[{"@type":"ReadAction","target":["https:\/\/lipower.pl\/index.php\/produkt\/akumulator-li-ion-8v-uniwersalny\/"]}]},{"@type":"ImageObject","inLanguage":"pl-PL","@id":"https:\/\/lipower.pl\/index.php\/produkt\/akumulator-li-ion-8v-uniwersalny\/#primaryimage","url":"https:\/\/lipower.pl\/wp-content\/uploads\/2024\/06\/Screen-Shot-2024-06-27-at-12.33.35.png","contentUrl":"https:\/\/lipower.pl\/wp-content\/uploads\/2024\/06\/Screen-Shot-2024-06-27-at-12.33.35.png","width":581,"height":755,"caption":"Akumulator Li-Ion 8V uniwersalny"},{"@type":"BreadcrumbList","@id":"https:\/\/lipower.pl\/index.php\/produkt\/akumulator-li-ion-8v-uniwersalny\/#breadcrumb","itemListElement":[{"@type":"ListItem","position":1,"name":"Strona g\u0142\u00f3wna","item":"https:\/\/lipower.pl\/index.php\/akumulatory-lipower\/"},{"@type":"ListItem","position":2,"name":"Sklep","item":"https:\/\/lipower.pl\/index.php\/sklep\/"},{"@type":"ListItem","position":3,"name":"Akumulator Li-Ion 8V uniwersalny"}]},{"@type":"WebSite","@id":"https:\/\/lipower.pl\/#website","url":"https:\/\/lipower.pl\/","name":"LiPower Akumulatory","description":"","publisher":{"@id":"https:\/\/lipower.pl\/#organization"},"potentialAction":[{"@type":"SearchAction","target":{"@type":"EntryPoint","urlTemplate":"https:\/\/lipower.pl\/?s={search_term_string}"},"query-input":{"@type":"PropertyValueSpecification","valueRequired":true,"valueName":"search_term_string"}}],"inLanguage":"pl-PL"},{"@type":"Organization","@id":"https:\/\/lipower.pl\/#organization","name":"LiPower Akumulatory","url":"https:\/\/lipower.pl\/","logo":{"@type":"ImageObject","inLanguage":"pl-PL","@id":"https:\/\/lipower.pl\/#\/schema\/logo\/image\/","url":"https:\/\/lipower.pl\/wp-content\/uploads\/2021\/03\/logo.png","contentUrl":"https:\/\/lipower.pl\/wp-content\/uploads\/2021\/03\/logo.png","width":598,"height":141,"caption":"LiPower Akumulatory"},"image":{"@id":"https:\/\/lipower.pl\/#\/schema\/logo\/image\/"}}]}},"_links":{"self":[{"href":"https:\/\/lipower.pl\/index.php\/wp-json\/wp\/v2\/product\/3781","targetHints":{"allow":["GET"]}}],"collection":[{"href":"https:\/\/lipower.pl\/index.php\/wp-json\/wp\/v2\/product"}],"about":[{"href":"https:\/\/lipower.pl\/index.php\/wp-json\/wp\/v2\/types\/product"}],"wp:featuredmedia":[{"embeddable":true,"href":"https:\/\/lipower.pl\/index.php\/wp-json\/wp\/v2\/media\/3788"}],"wp:attachment":[{"href":"https:\/\/lipower.pl\/index.php\/wp-json\/wp\/v2\/media?parent=3781"}],"wp:term":[{"taxonomy":"product_brand","embeddable":true,"href":"https:\/\/lipower.pl\/index.php\/wp-json\/wp\/v2\/product_brand?post=3781"},{"taxonomy":"product_cat","embeddable":true,"href":"https:\/\/lipower.pl\/index.php\/wp-json\/wp\/v2\/product_cat?post=3781"},{"taxonomy":"product_tag","embeddable":true,"href":"https:\/\/lipower.pl\/index.php\/wp-json\/wp\/v2\/product_tag?post=3781"}],"curies":[{"name":"wp","href":"https:\/\/api.w.org\/{rel}","templated":true}]}}